{"id":18,"date":"2016-12-28T10:12:10","date_gmt":"2016-12-28T10:12:10","guid":{"rendered":"http:\/\/jspics.de\/?page_id=18"},"modified":"2025-03-24T19:43:30","modified_gmt":"2025-03-24T19:43:30","slug":"jspics-startseite","status":"publish","type":"page","link":"https:\/\/jspics.de\/","title":{"rendered":"JSPics &#8211; Startseite"},"content":{"rendered":"<p><img loading=\"lazy\" decoding=\"async\" class=\"alignnone wp-image-156 size-large\" src=\"http:\/\/jspics.de\/wp-content\/uploads\/2016\/12\/JSPics-Logo-1024x109.jpg\" width=\"920\" height=\"98\" srcset=\"https:\/\/jspics.de\/wp-content\/uploads\/2016\/12\/JSPics-Logo-1024x109.jpg 1024w, https:\/\/jspics.de\/wp-content\/uploads\/2016\/12\/JSPics-Logo-300x32.jpg 300w, https:\/\/jspics.de\/wp-content\/uploads\/2016\/12\/JSPics-Logo-768x82.jpg 768w, https:\/\/jspics.de\/wp-content\/uploads\/2016\/12\/JSPics-Logo-250x27.jpg 250w, https:\/\/jspics.de\/wp-content\/uploads\/2016\/12\/JSPics-Logo-150x16.jpg 150w\" sizes=\"auto, (max-width: 920px) 100vw, 920px\" \/><\/p>\n<p>Bildergalerien ab 2025 findet Ihr hier: <a href=\"https:\/\/jspics.net\/\" target=\"_blank\" rel=\"noopener\">https:\/\/jspics.net\/<\/a><br \/>\nFind pictures galleries from 2025&nbsp;here: <a href=\"https:\/\/jspics.net\/\" target=\"_blank\" rel=\"noopener\">https:\/\/jspics.net\/<\/a><\/p>\n<p><strong><br \/>\nWillkommen auf \u201eJ\u00f6rg Schnebele Pictures\u201c.<\/strong><\/p>\n<p><img loading=\"lazy\" decoding=\"async\" class=\"size-medium wp-image-1260 alignleft\" src=\"http:\/\/jspics.de\/wp-content\/uploads\/2016\/12\/UDO-2-1-256x300.jpg\" alt=\"\" width=\"256\" height=\"300\" srcset=\"https:\/\/jspics.de\/wp-content\/uploads\/2016\/12\/UDO-2-1-256x300.jpg 256w, https:\/\/jspics.de\/wp-content\/uploads\/2016\/12\/UDO-2-1-128x150.jpg 128w, https:\/\/jspics.de\/wp-content\/uploads\/2016\/12\/UDO-2-1.jpg 600w\" sizes=\"auto, (max-width: 256px) 100vw, 256px\" \/>Seit Anfang der 80er, genauer gesagt, seit dem legend\u00e4ren <strong>Rock Pop In Concert<\/strong> 1983, fotografiere ich meine favorisierten Bands auf Konzerten. Mit einigen Pausen, was das Fotografieren auf Konzerten angeht, hat mich dieses Hobby aber nie losgelassen und immer wieder zur\u00fcckgeholt.<img loading=\"lazy\" decoding=\"async\" class=\"size-medium wp-image-112991 alignright\" src=\"http:\/\/jspics.de\/wp-content\/uploads\/2023\/07\/IMG_0451-300x225.jpg\" alt=\"\" width=\"300\" height=\"225\" srcset=\"https:\/\/jspics.de\/wp-content\/uploads\/2023\/07\/IMG_0451-300x225.jpg 300w, https:\/\/jspics.de\/wp-content\/uploads\/2023\/07\/IMG_0451-1024x768.jpg 1024w, https:\/\/jspics.de\/wp-content\/uploads\/2023\/07\/IMG_0451-768x576.jpg 768w, https:\/\/jspics.de\/wp-content\/uploads\/2023\/07\/IMG_0451-1536x1152.jpg 1536w, https:\/\/jspics.de\/wp-content\/uploads\/2023\/07\/IMG_0451-2048x1536.jpg 2048w, https:\/\/jspics.de\/wp-content\/uploads\/2023\/07\/IMG_0451-200x150.jpg 200w, https:\/\/jspics.de\/wp-content\/uploads\/2023\/07\/IMG_0451-150x113.jpg 150w\" sizes=\"auto, (max-width: 300px) 100vw, 300px\" \/><\/p>\n<p>&nbsp;<\/p>\n<p>\u00dcber die Jahre und Jahrzehnte haben sich eine Menge Bilder angesammelt. Die, die ich seinerzeit noch mit analogen Kameras machte, mussten eingescannt werden. Oft hatte ich keine Bilder mehr, sondern nur noch die Negative. Kein einfacher Job, diese Bilder anschlie\u00dfend zu ertr\u00e4glichen Pics nachzubearbeiten.<\/p>\n<p>&nbsp;<\/p>\n<p>Aber was ist mit den abertausenden von Fotos, die nun auf meinem Rechner verwaisen? <img loading=\"lazy\" decoding=\"async\" class=\"size-medium wp-image-112990 alignleft\" src=\"http:\/\/jspics.de\/wp-content\/uploads\/2023\/07\/Scorpions-2023-Oberhausen-158-300x200.jpg\" alt=\"\" width=\"300\" height=\"200\" srcset=\"https:\/\/jspics.de\/wp-content\/uploads\/2023\/07\/Scorpions-2023-Oberhausen-158-300x200.jpg 300w, https:\/\/jspics.de\/wp-content\/uploads\/2023\/07\/Scorpions-2023-Oberhausen-158-768x512.jpg 768w, https:\/\/jspics.de\/wp-content\/uploads\/2023\/07\/Scorpions-2023-Oberhausen-158-225x150.jpg 225w, https:\/\/jspics.de\/wp-content\/uploads\/2023\/07\/Scorpions-2023-Oberhausen-158-150x100.jpg 150w, https:\/\/jspics.de\/wp-content\/uploads\/2023\/07\/Scorpions-2023-Oberhausen-158.jpg 1000w\" sizes=\"auto, (max-width: 300px) 100vw, 300px\" \/>Diese Homepage erstellen! Bereits seit einigen Jahren gibt es <strong>JSPics<\/strong> schon auf Facebook. Aber nicht jeder ist auf Facebook. Das musste mit dieser Page verbessert werden.<\/p>\n<p><img loading=\"lazy\" decoding=\"async\" class=\"size-medium wp-image-89334 alignright\" src=\"http:\/\/jspics.de\/wp-content\/uploads\/2020\/07\/IMG_0772a-300x200.jpg\" alt=\"\" width=\"300\" height=\"200\" srcset=\"https:\/\/jspics.de\/wp-content\/uploads\/2020\/07\/IMG_0772a-300x200.jpg 300w, https:\/\/jspics.de\/wp-content\/uploads\/2020\/07\/IMG_0772a-768x512.jpg 768w, https:\/\/jspics.de\/wp-content\/uploads\/2020\/07\/IMG_0772a-2048x1365.jpg 2048w, https:\/\/jspics.de\/wp-content\/uploads\/2020\/07\/IMG_0772a-225x150.jpg 225w, https:\/\/jspics.de\/wp-content\/uploads\/2020\/07\/IMG_0772a-150x100.jpg 150w\" sizes=\"auto, (max-width: 300px) 100vw, 300px\" \/><\/p>\n<p>&nbsp;<\/p>\n<p>Sucht Ihr nach etwas Bestimmten? Einer Band, einem Festival oder Veranstaltungsort? Dann nutzt das <strong>Suchfenster<\/strong>.<br \/>\nIch w\u00fcnsche Euch viel Spa\u00df beim durchst\u00f6bern meiner Bilder.<\/p>\n<p>&nbsp;<\/p>\n<p><img loading=\"lazy\" decoding=\"async\" class=\"size-medium wp-image-112994 alignleft\" src=\"http:\/\/jspics.de\/wp-content\/uploads\/2023\/07\/Hollywood-Vampires-2023-Oberhausen-014-300x200.jpg\" alt=\"\" width=\"300\" height=\"200\" srcset=\"https:\/\/jspics.de\/wp-content\/uploads\/2023\/07\/Hollywood-Vampires-2023-Oberhausen-014-300x200.jpg 300w, https:\/\/jspics.de\/wp-content\/uploads\/2023\/07\/Hollywood-Vampires-2023-Oberhausen-014-768x512.jpg 768w, https:\/\/jspics.de\/wp-content\/uploads\/2023\/07\/Hollywood-Vampires-2023-Oberhausen-014-225x150.jpg 225w, https:\/\/jspics.de\/wp-content\/uploads\/2023\/07\/Hollywood-Vampires-2023-Oberhausen-014-150x100.jpg 150w, https:\/\/jspics.de\/wp-content\/uploads\/2023\/07\/Hollywood-Vampires-2023-Oberhausen-014.jpg 1000w\" sizes=\"auto, (max-width: 300px) 100vw, 300px\" \/>Und sollte ich Euer Interesse an meiner Arbeit geweckt haben, kann ich Euch die Links zu meinem Achtziger Fanzine<a href=\"https:\/\/jspics.de\/?cat=3\" target=\"_blank\" rel=\"noopener noreferrer\"><strong> Live Wire<\/strong><\/a>, meinen <a href=\"https:\/\/jspics.de\/?cat=551\" target=\"_blank\" rel=\"noopener noreferrer\"><strong>Highlights<\/strong><\/a> oder zu meinem 2021 erschienenen Buch <a href=\"https:\/\/jspics.de\/?p=92392\" target=\"_blank\" rel=\"noopener noreferrer\"><strong>&#8222;DIAGNOSE Infektion Metal&#8220;<\/strong><\/a> empfehlen.<\/p>\n<p>&nbsp;&nbsp;<\/p>\n<p>&nbsp;<\/p>\n<p>&nbsp;<\/p>\n<p>&nbsp;<\/p>\n","protected":false},"excerpt":{"rendered":"<p>Bildergalerien ab 2025 findet Ihr hier: https:\/\/jspics.net\/ Find pictures galleries from 2025&nbsp;here: https:\/\/jspics.net\/ Willkommen auf \u201eJ\u00f6rg Schnebele Pictures\u201c. Seit Anfang der 80er, genauer gesagt, seit dem legend\u00e4ren Rock Pop In Concert 1983, fotografiere ich meine favorisierten Bands auf Konzerten. Mit einigen Pausen, was das Fotografieren auf Konzerten angeht, hat mich <a class=\"continue-reading-link\" href=\"https:\/\/jspics.de\/\">weiterlesen!<\/a><\/p>\n<div class=\"shariff shariff-align-left shariff-widget-align-left\"><ul class=\"shariff-buttons theme-round orientation-horizontal buttonsize-medium\"><li class=\"shariff-button facebook shariff-nocustomcolor\" style=\"background-color:#4273c8\"><a href=\"https:\/\/www.facebook.com\/sharer\/sharer.php?u=https%3A%2F%2Fjspics.de%2F\" title=\"Bei Facebook teilen\" aria-label=\"Bei Facebook teilen\" role=\"button\" rel=\"nofollow\" class=\"shariff-link\" style=\"; background-color:#3b5998; color:#fff\" target=\"_blank\"><span class=\"shariff-icon\" style=\"\"><svg width=\"32px\" height=\"20px\" xmlns=\"http:\/\/www.w3.org\/2000\/svg\" viewBox=\"0 0 18 32\"><path fill=\"#3b5998\" d=\"M17.1 0.2v4.7h-2.8q-1.5 0-2.1 0.6t-0.5 1.9v3.4h5.2l-0.7 5.3h-4.5v13.6h-5.5v-13.6h-4.5v-5.3h4.5v-3.9q0-3.3 1.9-5.2t5-1.8q2.6 0 4.1 0.2z\"\/><\/svg><\/span><\/a><\/li><li class=\"shariff-button twitter shariff-nocustomcolor\" style=\"background-color:#595959\"><a href=\"https:\/\/twitter.com\/share?url=https%3A%2F%2Fjspics.de%2F&text=JSPics%20%E2%80%93%20Startseite\" title=\"Bei X teilen\" aria-label=\"Bei X teilen\" role=\"button\" rel=\"noopener nofollow\" class=\"shariff-link\" style=\"; background-color:#000; color:#fff\" target=\"_blank\"><span class=\"shariff-icon\" style=\"\"><svg width=\"32px\" height=\"20px\" xmlns=\"http:\/\/www.w3.org\/2000\/svg\" viewBox=\"0 0 24 24\"><path fill=\"#000\" d=\"M14.258 10.152L23.176 0h-2.113l-7.747 8.813L7.133 0H0l9.352 13.328L0 23.973h2.113l8.176-9.309 6.531 9.309h7.133zm-2.895 3.293l-.949-1.328L2.875 1.56h3.246l6.086 8.523.945 1.328 7.91 11.078h-3.246zm0 0\"\/><\/svg><\/span><\/a><\/li><li class=\"shariff-button whatsapp shariff-nocustomcolor\" style=\"background-color:#5cbe4a\"><a href=\"https:\/\/api.whatsapp.com\/send?text=https%3A%2F%2Fjspics.de%2F%20JSPics%20%E2%80%93%20Startseite\" title=\"Bei Whatsapp teilen\" aria-label=\"Bei Whatsapp teilen\" role=\"button\" rel=\"noopener nofollow\" class=\"shariff-link\" style=\"; background-color:#34af23; color:#fff\" target=\"_blank\"><span class=\"shariff-icon\" style=\"\"><svg width=\"32px\" height=\"20px\" xmlns=\"http:\/\/www.w3.org\/2000\/svg\" viewBox=\"0 0 32 32\"><path fill=\"#34af23\" d=\"M17.6 17.4q0.2 0 1.7 0.8t1.6 0.9q0 0.1 0 0.3 0 0.6-0.3 1.4-0.3 0.7-1.3 1.2t-1.8 0.5q-1 0-3.4-1.1-1.7-0.8-3-2.1t-2.6-3.3q-1.3-1.9-1.3-3.5v-0.1q0.1-1.6 1.3-2.8 0.4-0.4 0.9-0.4 0.1 0 0.3 0t0.3 0q0.3 0 0.5 0.1t0.3 0.5q0.1 0.4 0.6 1.6t0.4 1.3q0 0.4-0.6 1t-0.6 0.8q0 0.1 0.1 0.3 0.6 1.3 1.8 2.4 1 0.9 2.7 1.8 0.2 0.1 0.4 0.1 0.3 0 1-0.9t0.9-0.9zM14 26.9q2.3 0 4.3-0.9t3.6-2.4 2.4-3.6 0.9-4.3-0.9-4.3-2.4-3.6-3.6-2.4-4.3-0.9-4.3 0.9-3.6 2.4-2.4 3.6-0.9 4.3q0 3.6 2.1 6.6l-1.4 4.2 4.3-1.4q2.8 1.9 6.2 1.9zM14 2.2q2.7 0 5.2 1.1t4.3 2.9 2.9 4.3 1.1 5.2-1.1 5.2-2.9 4.3-4.3 2.9-5.2 1.1q-3.5 0-6.5-1.7l-7.4 2.4 2.4-7.2q-1.9-3.2-1.9-6.9 0-2.7 1.1-5.2t2.9-4.3 4.3-2.9 5.2-1.1z\"\/><\/svg><\/span><\/a><\/li><li class=\"shariff-button telegram shariff-nocustomcolor\" style=\"background-color:#4084A6\"><a href=\"https:\/\/telegram.me\/share\/url?url=https%3A%2F%2Fjspics.de%2F&text=JSPics%20%E2%80%93%20Startseite\" title=\"Bei Telegram teilen\" aria-label=\"Bei Telegram teilen\" role=\"button\" rel=\"noopener nofollow\" class=\"shariff-link\" style=\"; background-color:#0088cc; color:#fff\" target=\"_blank\"><span class=\"shariff-icon\" style=\"\"><svg width=\"32px\" height=\"20px\" xmlns=\"http:\/\/www.w3.org\/2000\/svg\" viewBox=\"0 0 32 32\"><path fill=\"#0088cc\" d=\"M30.8 6.5l-4.5 21.4c-.3 1.5-1.2 1.9-2.5 1.2L16.9 24l-3.3 3.2c-.4.4-.7.7-1.4.7l.5-7L25.5 9.2c.6-.5-.1-.8-.9-.3l-15.8 10L2 16.7c-1.5-.5-1.5-1.5.3-2.2L28.9 4.3c1.3-.5 2.3.3 1.9 2.2z\"\/><\/svg><\/span><\/a><\/li><li class=\"shariff-button threema shariff-nocustomcolor shariff-mobile\" style=\"background-color:#4fbc24\"><a href=\"threema:\/\/compose?text=JSPics%20%E2%80%93%20Startseite%20https%3A%2F%2Fjspics.de%2F\" title=\"Bei Threema teilen\" aria-label=\"Bei Threema teilen\" role=\"button\" rel=\"noopener nofollow\" class=\"shariff-link\" style=\"; background-color:#1f1f1f; color:#fff\" target=\"_blank\"><span class=\"shariff-icon\" style=\"\"><svg width=\"32px\" height=\"20px\" xmlns=\"http:\/\/www.w3.org\/2000\/svg\" viewBox=\"0 0 32 32\"><path fill=\"#1f1f1f\" d=\"M30.8 10.9c-0.3-1.4-0.9-2.6-1.8-3.8-2-2.6-5.5-4.5-9.4-5.2-1.3-0.2-1.9-0.3-3.5-0.3s-2.2 0-3.5 0.3c-4 0.7-7.4 2.6-9.4 5.2-0.9 1.2-1.5 2.4-1.8 3.8-0.1 0.5-0.2 1.2-0.2 1.6 0 0.4 0.1 1.1 0.2 1.6 0.4 1.9 1.3 3.4 2.9 5 0.8 0.8 0.8 0.8 0.7 1.3 0 0.6-0.5 1.6-1.7 3.6-0.3 0.5-0.5 0.9-0.5 0.9 0 0.1 0.1 0.1 0.5 0 0.8-0.2 2.3-0.6 5.6-1.6 1.1-0.3 1.3-0.4 2.3-0.4 0.8 0 1.1 0 2.3 0.2 1.5 0.2 3.5 0.2 4.9 0 5.1-0.6 9.3-2.9 11.4-6.3 0.5-0.9 0.9-1.8 1.1-2.8 0.1-0.5 0.2-1.1 0.2-1.6 0-0.7-0.1-1.1-0.2-1.6-0.3-1.4 0.1 0.5 0 0zM20.6 17.3c0 0.4-0.4 0.8-0.8 0.8h-7.7c-0.4 0-0.8-0.4-0.8-0.8v-4.6c0-0.4 0.4-0.8 0.8-0.8h0.2l0-1.6c0-0.9 0-1.8 0.1-2 0.1-0.6 0.6-1.2 1.1-1.7s1.1-0.7 1.9-0.8c1.8-0.3 3.7 0.7 4.2 2.2 0.1 0.3 0.1 0.7 0.1 2.1v0 1.7h0.1c0.4 0 0.8 0.4 0.8 0.8v4.6zM15.6 7.3c-0.5 0.1-0.8 0.3-1.2 0.6s-0.6 0.8-0.7 1.3c0 0.2 0 0.8 0 1.5l0 1.2h4.6v-1.3c0-1 0-1.4-0.1-1.6-0.3-1.1-1.5-1.9-2.6-1.7zM25.8 28.2c0 1.2-1 2.2-2.1 2.2s-2.1-1-2.1-2.1c0-1.2 1-2.1 2.2-2.1s2.2 1 2.2 2.2zM18.1 28.2c0 1.2-1 2.2-2.1 2.2s-2.1-1-2.1-2.1c0-1.2 1-2.1 2.2-2.1s2.2 1 2.2 2.2zM10.4 28.2c0 1.2-1 2.2-2.1 2.2s-2.1-1-2.1-2.1c0-1.2 1-2.1 2.2-2.1s2.2 1 2.2 2.2z\"\/><\/svg><\/span><\/a><\/li><li class=\"shariff-button mailto shariff-nocustomcolor\" style=\"background-color:#a8a8a8\"><a href=\"mailto:?body=https%3A%2F%2Fjspics.de%2F&subject=JSPics%20%E2%80%93%20Startseite\" title=\"Per E-Mail versenden\" aria-label=\"Per E-Mail versenden\" role=\"button\" rel=\"noopener nofollow\" class=\"shariff-link\" style=\"; background-color:#999; color:#fff\"><span class=\"shariff-icon\" style=\"\"><svg width=\"32px\" height=\"20px\" xmlns=\"http:\/\/www.w3.org\/2000\/svg\" viewBox=\"0 0 32 32\"><path fill=\"#999\" d=\"M32 12.7v14.2q0 1.2-0.8 2t-2 0.9h-26.3q-1.2 0-2-0.9t-0.8-2v-14.2q0.8 0.9 1.8 1.6 6.5 4.4 8.9 6.1 1 0.8 1.6 1.2t1.7 0.9 2 0.4h0.1q0.9 0 2-0.4t1.7-0.9 1.6-1.2q3-2.2 8.9-6.1 1-0.7 1.8-1.6zM32 7.4q0 1.4-0.9 2.7t-2.2 2.2q-6.7 4.7-8.4 5.8-0.2 0.1-0.7 0.5t-1 0.7-0.9 0.6-1.1 0.5-0.9 0.2h-0.1q-0.4 0-0.9-0.2t-1.1-0.5-0.9-0.6-1-0.7-0.7-0.5q-1.6-1.1-4.7-3.2t-3.6-2.6q-1.1-0.7-2.1-2t-1-2.5q0-1.4 0.7-2.3t2.1-0.9h26.3q1.2 0 2 0.8t0.9 2z\"\/><\/svg><\/span><\/a><\/li><li class=\"shariff-button info shariff-nocustomcolor\" style=\"background-color:#eee\"><a href=\"http:\/\/ct.de\/-2467514\" title=\"Weitere Informationen\" aria-label=\"Weitere Informationen\" role=\"button\" rel=\"noopener \" class=\"shariff-link\" style=\"; background-color:#fff; color:#fff\" target=\"_blank\"><span class=\"shariff-icon\" style=\"\"><svg width=\"32px\" height=\"20px\" xmlns=\"http:\/\/www.w3.org\/2000\/svg\" viewBox=\"0 0 11 32\"><path fill=\"#999\" d=\"M11.4 24v2.3q0 0.5-0.3 0.8t-0.8 0.4h-9.1q-0.5 0-0.8-0.4t-0.4-0.8v-2.3q0-0.5 0.4-0.8t0.8-0.4h1.1v-6.8h-1.1q-0.5 0-0.8-0.4t-0.4-0.8v-2.3q0-0.5 0.4-0.8t0.8-0.4h6.8q0.5 0 0.8 0.4t0.4 0.8v10.3h1.1q0.5 0 0.8 0.4t0.3 0.8zM9.2 3.4v3.4q0 0.5-0.4 0.8t-0.8 0.4h-4.6q-0.4 0-0.8-0.4t-0.4-0.8v-3.4q0-0.4 0.4-0.8t0.8-0.4h4.6q0.5 0 0.8 0.4t0.4 0.8z\"\/><\/svg><\/span><\/a><\/li><\/ul><\/div>","protected":false},"author":1,"featured_media":0,"parent":0,"menu_order":0,"comment_status":"closed","ping_status":"closed","template":"","meta":{"ngg_post_thumbnail":0,"footnotes":""},"class_list":["post-18","page","type-page","status-publish","hentry"],"_links":{"self":[{"href":"https:\/\/jspics.de\/index.php?rest_route=\/wp\/v2\/pages\/18","targetHints":{"allow":["GET"]}}],"collection":[{"href":"https:\/\/jspics.de\/index.php?rest_route=\/wp\/v2\/pages"}],"about":[{"href":"https:\/\/jspics.de\/index.php?rest_route=\/wp\/v2\/types\/page"}],"author":[{"embeddable":true,"href":"https:\/\/jspics.de\/index.php?rest_route=\/wp\/v2\/users\/1"}],"replies":[{"embeddable":true,"href":"https:\/\/jspics.de\/index.php?rest_route=%2Fwp%2Fv2%2Fcomments&post=18"}],"version-history":[{"count":30,"href":"https:\/\/jspics.de\/index.php?rest_route=\/wp\/v2\/pages\/18\/revisions"}],"predecessor-version":[{"id":34,"href":"https:\/\/jspics.de\/index.php?rest_route=\/wp\/v2\/pages\/18\/revisions\/34"}],"wp:attachment":[{"href":"https:\/\/jspics.de\/index.php?rest_route=%2Fwp%2Fv2%2Fmedia&parent=18"}],"curies":[{"name":"wp","href":"https:\/\/api.w.org\/{rel}","templated":true}]}}